{"id":3,"date":"2026-01-07T11:23:41","date_gmt":"2026-01-07T11:23:41","guid":{"rendered":"https:\/\/evboxingfit.com\/?page_id=3"},"modified":"2026-03-31T14:45:46","modified_gmt":"2026-03-31T06:45:46","slug":"privacy-policy","status":"publish","type":"page","link":"https:\/\/evboxingfit.com\/de\/privacy-policy\/","title":{"rendered":"Datenschutzbestimmungen"},"content":{"rendered":"<p>Diese Datenschutzrichtlinie beschreibt, wie <strong>EVB<\/strong> (\"wir\", \"uns\" oder \"unser\") erhebt, verwendet und gibt Ihre pers\u00f6nlichen Daten weiter, wenn Sie folgende Website besuchen <strong>evboxingfit.com<\/strong> (die \"Website\") zu besuchen oder unsere Dienste zu nutzen.<\/p>\n\n\n\n<hr class=\"wp-block-separator has-alpha-channel-opacity\"\/>\n\n\n\n<h2 class=\"wp-block-heading\">1. Informationen, die wir sammeln<\/h2>\n\n\n\n<h3 class=\"wp-block-heading\">A. Von Ihnen bereitgestellte pers\u00f6nliche Informationen<\/h3>\n\n\n\n<p>Wir sammeln Informationen, die Sie uns freiwillig zur Verf\u00fcgung stellen, einschlie\u00dflich:<\/p>\n\n\n\n<ul class=\"wp-block-list\">\n<li><strong>Kontaktinformationen:<\/strong> Name, E-Mail-Adresse, Telefonnummer, Postanschrift.<\/li>\n\n\n\n<li><strong>Kontozugangsdaten:<\/strong> Nutzernamen, Passw\u00f6rter und Sicherheitshinweise.<\/li>\n\n\n\n<li><strong>Zahlungsdaten:<\/strong> Kreditkartennummern und Rechnungsinformationen (die von sicheren Drittanbietern wie Stripe oder PayPal verarbeitet werden).<\/li>\n<\/ul>\n\n\n\n<h3 class=\"wp-block-heading\">B. Automatisch gesammelte Informationen<\/h3>\n\n\n\n<p>Wenn Sie unsere Website besuchen, erfassen wir automatisch bestimmte Informationen:<\/p>\n\n\n\n<ul class=\"wp-block-list\">\n<li><strong>Protokoll- und Nutzungsdaten:<\/strong> IP-Adresse, Browsertyp, Betriebssystem, verweisende URLs und betrachtete Seiten.<\/li>\n\n\n\n<li><strong>Ger\u00e4tedaten:<\/strong> Ger\u00e4te-ID, Standort (Stadt-\/Landesebene) und Hardware-Modell.<\/li>\n\n\n\n<li><strong>Kekse:<\/strong> Wir verwenden Cookies und \u00e4hnliche Tracking-Technologien, um die Aktivit\u00e4ten auf unserer Website zu verfolgen.<\/li>\n<\/ul>\n\n\n\n<hr class=\"wp-block-separator has-alpha-channel-opacity\"\/>\n\n\n\n<h2 class=\"wp-block-heading\">2. GDPR-Konformit\u00e4t (f\u00fcr EWR\/UK-Nutzer)<\/h2>\n\n\n\n<p>Wenn Sie sich im Europ\u00e4ischen Wirtschaftsraum (EWR) oder im Vereinigten K\u00f6nigreich (UK) befinden, wird die <strong>Allgemeine Datenschutzverordnung (GDPR)<\/strong> gilt.<\/p>\n\n\n\n<h3 class=\"wp-block-heading\">A. Rechtsgrundlage f\u00fcr die Verarbeitung<\/h3>\n\n\n\n<p>Wir verarbeiten Ihre personenbezogenen Daten auf den folgenden Rechtsgrundlagen:<\/p>\n\n\n\n<ul class=\"wp-block-list\">\n<li><strong>Einverstanden:<\/strong> Sie haben eine klare Einwilligung f\u00fcr einen bestimmten Zweck gegeben.<\/li>\n\n\n\n<li><strong>Vertrag:<\/strong> Die Verarbeitung ist f\u00fcr einen Vertrag erforderlich, den wir mit Ihnen geschlossen haben.<\/li>\n\n\n\n<li><strong>Gesetzliche Verpflichtung:<\/strong> Die Verarbeitung ist erforderlich, damit wir die gesetzlichen Bestimmungen einhalten k\u00f6nnen.<\/li>\n\n\n\n<li><strong>Berechtigte Interessen:<\/strong> Die Verarbeitung ist f\u00fcr unsere berechtigten Gesch\u00e4ftsinteressen erforderlich (z. B. Betrugsbek\u00e4mpfung, Verbesserung der Sicherheit der Website).<\/li>\n<\/ul>\n\n\n\n<h3 class=\"wp-block-heading\">B. Ihre Rechte gem\u00e4\u00df GDPR<\/h3>\n\n\n\n<p>Sie haben die folgenden Rechte:<\/p>\n\n\n\n<ul class=\"wp-block-list\">\n<li><strong>Recht auf Zugang:<\/strong> Fordern Sie eine Kopie Ihrer pers\u00f6nlichen Daten an.<\/li>\n\n\n\n<li><strong>Recht auf Berichtigung:<\/strong> Beantragung der Berichtigung unzutreffender Daten.<\/li>\n\n\n\n<li><strong>Recht auf L\u00f6schung (\"Recht auf Vergessenwerden\"):<\/strong> Beantragen Sie die L\u00f6schung Ihrer Daten.<\/li>\n\n\n\n<li><strong>Recht auf Daten\u00fcbertragbarkeit:<\/strong> die \u00dcbertragung Ihrer Daten an einen anderen Dienst beantragen.<\/li>\n\n\n\n<li><strong>Recht auf Entzug der Zustimmung:<\/strong> Wenn wir uns auf eine Einwilligung berufen, k\u00f6nnen Sie diese jederzeit widerrufen.<\/li>\n<\/ul>\n\n\n\n<hr class=\"wp-block-separator has-alpha-channel-opacity\"\/>\n\n\n\n<h2 class=\"wp-block-heading\">3. CCPA\/CPRA-Konformit\u00e4t (f\u00fcr in Kalifornien ans\u00e4ssige Personen)<\/h2>\n\n\n\n<p>Wenn Sie Ihren Wohnsitz in Kalifornien haben, ist die <strong>Kalifornisches Verbraucherschutzgesetz (CCPA)<\/strong>in der durch das CPRA ge\u00e4nderten Fassung bietet Ihnen bestimmte Rechte.<\/p>\n\n\n\n<h3 class=\"wp-block-heading\">A. Kategorien der gesammelten Informationen<\/h3>\n\n\n\n<p>In den vergangenen 12 Monaten haben wir die folgenden Kategorien personenbezogener Daten erfasst: Identifikatoren, kommerzielle Informationen, Informationen \u00fcber Internet- oder andere elektronische Netzwerkaktivit\u00e4ten und Geolokalisierungsdaten.<\/p>\n\n\n\n<h3 class=\"wp-block-heading\">B. Ihre Rechte gem\u00e4\u00df CCPA<\/h3>\n\n\n\n<ul class=\"wp-block-list\">\n<li><strong>Recht auf Wissen:<\/strong> Sie k\u00f6nnen eine Liste der Kategorien und spezifischen pers\u00f6nlichen Daten anfordern, die wir \u00fcber Sie gesammelt haben.<\/li>\n\n\n\n<li><strong>Recht auf L\u00f6schen:<\/strong> Sie k\u00f6nnen verlangen, dass wir Ihre pers\u00f6nlichen Daten l\u00f6schen.<\/li>\n\n\n\n<li><strong>Recht auf Ablehnung des Verkaufs\/der Weitergabe:<\/strong> Wir <strong>nicht<\/strong> Ihre pers\u00f6nlichen Daten verkaufen. Wenn wir jedoch Daten f\u00fcr kontext\u00fcbergreifende verhaltensorientierte Werbung \"freigeben\", haben Sie das Recht, sich dagegen zu entscheiden.<\/li>\n\n\n\n<li><strong>Recht auf Nicht-Diskriminierung:<\/strong> Wir werden Sie nicht diskriminieren, wenn Sie Ihre Datenschutzrechte wahrnehmen.<\/li>\n<\/ul>\n\n\n\n<hr class=\"wp-block-separator has-alpha-channel-opacity\"\/>\n\n\n\n<h2 class=\"wp-block-heading\">4. Wie wir Ihre Informationen verwenden<\/h2>\n\n\n\n<p>Wir verwenden Ihre Informationen, um:<\/p>\n\n\n\n<ul class=\"wp-block-list\">\n<li>Bereitstellung, Betrieb und Wartung unserer Website.<\/li>\n\n\n\n<li>Verarbeiten Sie Transaktionen und versenden Sie damit verbundene Informationen (Rechnungen, Best\u00e4tigungen).<\/li>\n\n\n\n<li>Versenden Sie administrative Nachrichten, Sicherheitswarnungen und Support-E-Mails.<\/li>\n\n\n\n<li>\u00dcberwachen und analysieren Sie Trends und Nutzung, um die Benutzerfreundlichkeit zu verbessern.<\/li>\n\n\n\n<li>Einhaltung rechtlicher Verpflichtungen und Verhinderung betr\u00fcgerischer Aktivit\u00e4ten.<\/li>\n<\/ul>\n\n\n\n<hr class=\"wp-block-separator has-alpha-channel-opacity\"\/>\n\n\n\n<h2 class=\"wp-block-heading\">5. Vorratsdatenspeicherung<\/h2>\n\n\n\n<p>Wir bewahren Ihre personenbezogenen Daten nur so lange auf, wie es f\u00fcr die Erf\u00fcllung der in dieser Richtlinie genannten Zwecke erforderlich ist, es sei denn, eine l\u00e4ngere Aufbewahrungsfrist ist gesetzlich vorgeschrieben (z. B. zu Steuer- oder Buchhaltungszwecken).<\/p>\n\n\n\n<hr class=\"wp-block-separator has-alpha-channel-opacity\"\/>\n\n\n\n<h2 class=\"wp-block-heading\">6. Internationale Daten\u00fcbermittlung<\/h2>\n\n\n\n<p>Ihre Daten k\u00f6nnen an Computer au\u00dferhalb Ihres Staates oder Landes (z. B. in den Vereinigten Staaten) \u00fcbertragen und dort gespeichert werden. Wir stellen sicher, dass solche \u00dcbertragungen mit den geltenden Datenschutzgesetzen \u00fcbereinstimmen, wobei wir h\u00e4ufig Folgendes verwenden <strong>Standardvertragsklauseln (SCCs)<\/strong>.<\/p>\n\n\n\n<hr class=\"wp-block-separator has-alpha-channel-opacity\"\/>\n\n\n\n<h2 class=\"wp-block-heading\">7. Sicherheit<\/h2>\n\n\n\n<p>Wir setzen angemessene technische und organisatorische Sicherheitsma\u00dfnahmen ein, um Ihre Daten zu sch\u00fctzen. Bitte bedenken Sie jedoch, dass keine \u00dcbertragungsmethode \u00fcber das Internet 100% sicher ist.<\/p>\n\n\n\n<hr class=\"wp-block-separator has-alpha-channel-opacity\"\/>\n\n\n\n<h2 class=\"wp-block-heading\">8. Kontakt<\/h2>\n\n\n\n<p>Wenn Sie Fragen zu dieser Datenschutzrichtlinie haben oder Ihre Rechte (GDPR\/CCPA) aus\u00fcben m\u00f6chten, kontaktieren Sie uns bitte:<\/p>\n\n\n\n<ul class=\"wp-block-list\">\n<li><strong>Per E-Mail:<\/strong> operations@evboxingfit.com<\/li>\n<\/ul>","protected":false},"excerpt":{"rendered":"<p>This Privacy Policy describes how EVB (&#8220;we,&#8221; &#8220;us,&#8221; or &#8220;our&#8221;) collects, uses, and discloses your personal information when you visit evboxingfit.com (the &#8220;Site&#8221;) or use our services. 1. Information We Collect A. Personal Information You Provide We collect information that you voluntarily provide to us, including: B. Information Collected Automatically When you visit our Site, [&hellip;]<\/p>","protected":false},"author":1,"featured_media":0,"parent":0,"menu_order":0,"comment_status":"closed","ping_status":"open","template":"","meta":{"site-sidebar-layout":"default","site-content-layout":"","ast-site-content-layout":"default","site-content-style":"default","site-sidebar-style":"default","ast-global-header-display":"","ast-banner-title-visibility":"","ast-main-header-display":"","ast-hfb-above-header-display":"","ast-hfb-below-header-display":"","ast-hfb-mobile-header-display":"","site-post-title":"","ast-breadcrumbs-content":"","ast-featured-img":"","footer-sml-layout":"","ast-disable-related-posts":"","theme-transparent-header-meta":"","adv-header-id-meta":"","stick-header-meta":"","header-above-stick-meta":"","header-main-stick-meta":"","header-below-stick-meta":"","astra-migrate-meta-layouts":"set","ast-page-background-enabled":"default","ast-page-background-meta":{"desktop":{"background-color":"","background-image":"","background-repeat":"repeat","background-position":"center center","background-size":"auto","background-attachment":"scroll","background-type":"","background-media":"","overlay-type":"","overlay-color":"","overlay-opacity":"","overlay-gradient":""},"tablet":{"background-color":"","background-image":"","background-repeat":"repeat","background-position":"center center","background-size":"auto","background-attachment":"scroll","background-type":"","background-media":"","overlay-type":"","overlay-color":"","overlay-opacity":"","overlay-gradient":""},"mobile":{"background-color":"","background-image":"","background-repeat":"repeat","background-position":"center center","background-size":"auto","background-attachment":"scroll","background-type":"","background-media":"","overlay-type":"","overlay-color":"","overlay-opacity":"","overlay-gradient":""}},"ast-content-background-meta":{"desktop":{"background-color":"var(--ast-global-color-5)","background-image":"","background-repeat":"repeat","background-position":"center center","background-size":"auto","background-attachment":"scroll","background-type":"","background-media":"","overlay-type":"","overlay-color":"","overlay-opacity":"","overlay-gradient":""},"tablet":{"background-color":"var(--ast-global-color-5)","background-image":"","background-repeat":"repeat","background-position":"center center","background-size":"auto","background-attachment":"scroll","background-type":"","background-media":"","overlay-type":"","overlay-color":"","overlay-opacity":"","overlay-gradient":""},"mobile":{"background-color":"var(--ast-global-color-5)","background-image":"","background-repeat":"repeat","background-position":"center center","background-size":"auto","background-attachment":"scroll","background-type":"","background-media":"","overlay-type":"","overlay-color":"","overlay-opacity":"","overlay-gradient":""}},"footnotes":""},"class_list":["post-3","page","type-page","status-publish","hentry"],"_links":{"self":[{"href":"https:\/\/evboxingfit.com\/de\/wp-json\/wp\/v2\/pages\/3","targetHints":{"allow":["GET"]}}],"collection":[{"href":"https:\/\/evboxingfit.com\/de\/wp-json\/wp\/v2\/pages"}],"about":[{"href":"https:\/\/evboxingfit.com\/de\/wp-json\/wp\/v2\/types\/page"}],"author":[{"embeddable":true,"href":"https:\/\/evboxingfit.com\/de\/wp-json\/wp\/v2\/users\/1"}],"replies":[{"embeddable":true,"href":"https:\/\/evboxingfit.com\/de\/wp-json\/wp\/v2\/comments?post=3"}],"version-history":[{"count":0,"href":"https:\/\/evboxingfit.com\/de\/wp-json\/wp\/v2\/pages\/3\/revisions"}],"wp:attachment":[{"href":"https:\/\/evboxingfit.com\/de\/wp-json\/wp\/v2\/media?parent=3"}],"curies":[{"name":"wp","href":"https:\/\/api.w.org\/{rel}","templated":true}]}}